{"id":48,"date":"2026-03-18T14:33:08","date_gmt":"2026-03-18T14:33:08","guid":{"rendered":"https:\/\/pixzedy.blog\/?page_id=48"},"modified":"2026-03-19T21:52:23","modified_gmt":"2026-03-19T21:52:23","slug":"impressum","status":"publish","type":"page","link":"https:\/\/pixzedy.blog\/?page_id=48","title":{"rendered":"Impressum"},"content":{"rendered":"\n<p>Diese rechtlichen Angaben gelten f\u00fcr die gesamte Webpr\u00e4senz von pixzedy sowie f\u00fcr alle damit verbundenen gesch\u00e4ftlichen Aktivit\u00e4ten im Bereich der Wohnungssanierung. In \u00dcbereinstimmung mit dem \u00f6sterreichischen E-Commerce Gesetz und der Gewerbeordnung stellt Dipl. Ing. Werner Rausch hiermit die offiziellen Identifikationsmerkmale des Unternehmens zur Verf\u00fcgung.<\/p>\n\n\n\n<p><strong>Unternehmensdaten und Identifikation<\/strong><\/p>\n\n\n\n<ul class=\"wp-block-list\">\n<li>Inhaber des Fachbetriebs: Dipl. Ing. Werner Rausch<\/li>\n\n\n\n<li>Firmenname: pixzedy<\/li>\n\n\n\n<li>Firmensitz: Gutenbergstra\u00dfe 2, 8053 Graz, \u00d6sterreich<\/li>\n\n\n\n<li>Firmenbuchnummer: FN 302334b<\/li>\n\n\n\n<li>Firmenbuchgericht: Landesgericht f\u00fcr Zivilrechtssachen Graz<\/li>\n\n\n\n<li>Umsatzsteuer Identifikationsnummer: ATU 65435657<\/li>\n<\/ul>\n\n\n\n<p>Der Inhaber Dipl. Ing. Werner Rausch ist Mitglied der Wirtschaftskammer Steiermark und unterliegt den Bestimmungen der \u00f6sterreichischen Gewerbeordnung in der jeweils aktuellen Fassung. Die zust\u00e4ndige Aufsichtsbeh\u00f6rde f\u00fcr unsere T\u00e4tigkeiten in Graz ist der Magistrat der Stadt Graz. Als Ingenieurb\u00fcro mit dem Fokus auf hochwertige Apartment Renovierungen legen wir Wert auf die Einhaltung aller bautechnischen Normen und rechtlichen Rahmenbedingungen. S\u00e4mtliche auf dieser Webseite ver\u00f6ffentlichten Texte, Bilder und technischen Kalkulationen sind geistiges Eigentum von pixzedy. Eine Nutzung durch Dritte bedarf der ausdr\u00fccklichen schriftlichen Genehmigung durch die Gesch\u00e4ftsf\u00fchrung in der Gutenbergstra\u00dfe 2. Wir \u00fcbernehmen keine Haftung f\u00fcr die Inhalte externer Links, da auf deren Gestaltung kein Einfluss besteht. F\u00fcr den Inhalt der verlinkten Seiten sind ausschlie\u00dflich deren Betreiber verantwortlich. Unsere Kommunikation erfolgt prim\u00e4r \u00fcber die elektronische Post unter support@pixzedy.blog.<\/p>\n","protected":false},"excerpt":{"rendered":"<p>Diese rechtlichen Angaben gelten f\u00fcr die gesamte Webpr\u00e4senz von pixzedy sowie f\u00fcr alle damit verbundenen gesch\u00e4ftlichen Aktivit\u00e4ten im Bereich der Wohnungssanierung. In \u00dcbereinstimmung mit dem \u00f6sterreichischen E-Commerce Gesetz und der Gewerbeordnung stellt Dipl. Ing. Werner Rausch hiermit die offiziellen Identifikationsmerkmale des Unternehmens zur Verf\u00fcgung. Unternehmensdaten und Identifikation Der Inhaber Dipl. Ing. Werner Rausch ist Mitglied [&hellip;]<\/p>\n","protected":false},"author":1,"featured_media":0,"parent":0,"menu_order":6,"comment_status":"closed","ping_status":"closed","template":"","meta":{"footnotes":""},"class_list":["post-48","page","type-page","status-publish","hentry"],"_links":{"self":[{"href":"https:\/\/pixzedy.blog\/index.php?rest_route=\/wp\/v2\/pages\/48","targetHints":{"allow":["GET"]}}],"collection":[{"href":"https:\/\/pixzedy.blog\/index.php?rest_route=\/wp\/v2\/pages"}],"about":[{"href":"https:\/\/pixzedy.blog\/index.php?rest_route=\/wp\/v2\/types\/page"}],"author":[{"embeddable":true,"href":"https:\/\/pixzedy.blog\/index.php?rest_route=\/wp\/v2\/users\/1"}],"replies":[{"embeddable":true,"href":"https:\/\/pixzedy.blog\/index.php?rest_route=%2Fwp%2Fv2%2Fcomments&post=48"}],"version-history":[{"count":2,"href":"https:\/\/pixzedy.blog\/index.php?rest_route=\/wp\/v2\/pages\/48\/revisions"}],"predecessor-version":[{"id":68,"href":"https:\/\/pixzedy.blog\/index.php?rest_route=\/wp\/v2\/pages\/48\/revisions\/68"}],"wp:attachment":[{"href":"https:\/\/pixzedy.blog\/index.php?rest_route=%2Fwp%2Fv2%2Fmedia&parent=48"}],"curies":[{"name":"wp","href":"https:\/\/api.w.org\/{rel}","templated":true}]}}